{"id":11250,"date":"2019-12-02T09:32:18","date_gmt":"2019-12-02T09:32:18","guid":{"rendered":"https:\/\/www.bege.nl\/product-details\/helical-gears-hg\/"},"modified":"2024-11-07T15:47:42","modified_gmt":"2024-11-07T15:47:42","slug":"spiral-zahnr%c3%a4der-hg","status":"publish","type":"product","link":"https:\/\/www.bege.nl\/de\/product-details\/spiral-zahnr%c3%a4der-hg\/","title":{"rendered":"HG-Serie &#8211; Stirnr\u00e4der"},"content":{"rendered":"<p>Kompakt und wirtschaftlich. Stirnr\u00e4der von KHK sind ger\u00e4uscharm und eignen sich sehr gut f\u00fcr hohe Drehzahlen. Die Industrie setzt sie in einer Vielzahl von Werkzeugmaschinen, Getrieben und anderen industriellen Anlagen ein.<\/p>\n<p>Die schraubenf\u00f6rmigen Zahnr\u00e4der verf\u00fcgen \u00fcber breite Aufstandsfl\u00e4chen. Sie sind ger\u00e4uscharm, erzeugen wenig Vibrationen und k\u00f6nnen dennoch hohe Kr\u00e4fte \u00fcbertragen.<\/p>\n","protected":false},"excerpt":{"rendered":"<p>Spiral-Zahnr\u00e4der<\/p>\n","protected":false},"featured_media":13604,"template":"","meta":[],"product_brand":[],"product_cat":[381,1584],"product_tag":[2256,1917,2013,1989,2047,1617],"class_list":{"0":"post-11250","1":"product","2":"type-product","3":"status-publish","4":"has-post-thumbnail","6":"product_cat-motion-control-und-servo","7":"product_cat-zahnraeder-und-zahnstangen","8":"product_tag-effizient","9":"product_tag-kompakt","10":"product_tag-kraftvoll","11":"product_tag-niedriger-gerauschpegel","12":"product_tag-sehr-prazise","13":"product_tag-servo","14":"entry","15":"has-media","17":"first","18":"instock","19":"shipping-taxable","20":"product-type-simple"},"yoast_head":"<!-- This site is optimized with the Yoast SEO plugin v26.6 - https:\/\/yoast.com\/wordpress\/plugins\/seo\/ -->\n<title>HG-Serie - Stirnr\u00e4der | BEGE Power Transmission<\/title>\n<meta name=\"description\" content=\"HG-Serie - Stirnr\u00e4der. Erfahren Sie mehr \u00fcber die Hauptmerkmale, Leistungen, Produkt Details und Technische Spezifikationen.\" \/>\n<meta name=\"robots\" content=\"index, follow, max-snippet:-1, max-image-preview:large, max-video-preview:-1\" \/>\n<link rel=\"canonical\" href=\"https:\/\/www.bege.nl\/de\/product-details\/spiral-zahnr\u00e4der-hg\/\" \/>\n<meta property=\"og:locale\" content=\"de_DE\" \/>\n<meta property=\"og:type\" content=\"article\" \/>\n<meta property=\"og:title\" content=\"HG-Serie - Stirnr\u00e4der | BEGE Power Transmission\" \/>\n<meta property=\"og:description\" content=\"HG-Serie - Stirnr\u00e4der. Erfahren Sie mehr \u00fcber die Hauptmerkmale, Leistungen, Produkt Details und Technische Spezifikationen.\" \/>\n<meta property=\"og:url\" content=\"https:\/\/www.bege.nl\/de\/product-details\/spiral-zahnr\u00e4der-hg\/\" \/>\n<meta property=\"og:site_name\" content=\"BEGE Power Transmission\" \/>\n<meta property=\"article:modified_time\" content=\"2024-11-07T15:47:42+00:00\" \/>\n<meta property=\"og:image\" content=\"https:\/\/www.bege.nl\/wp-content\/uploads\/2019\/12\/HG-1.jpg\" \/>\n\t<meta property=\"og:image:width\" content=\"400\" \/>\n\t<meta property=\"og:image:height\" content=\"200\" \/>\n\t<meta property=\"og:image:type\" content=\"image\/jpeg\" \/>\n<meta name=\"twitter:card\" content=\"summary_large_image\" \/>\n<script type=\"application\/ld+json\" class=\"yoast-schema-graph\">{\"@context\":\"https:\/\/schema.org\",\"@graph\":[{\"@type\":\"WebPage\",\"@id\":\"https:\/\/www.bege.nl\/de\/product-details\/spiral-zahnr%c3%a4der-hg\/\",\"url\":\"https:\/\/www.bege.nl\/de\/product-details\/spiral-zahnr%c3%a4der-hg\/\",\"name\":\"HG-Serie - Stirnr\u00e4der | BEGE Power Transmission\",\"isPartOf\":{\"@id\":\"https:\/\/www.bege.nl\/#website\"},\"primaryImageOfPage\":{\"@id\":\"https:\/\/www.bege.nl\/de\/product-details\/spiral-zahnr%c3%a4der-hg\/#primaryimage\"},\"image\":{\"@id\":\"https:\/\/www.bege.nl\/de\/product-details\/spiral-zahnr%c3%a4der-hg\/#primaryimage\"},\"thumbnailUrl\":\"https:\/\/www.bege.nl\/wp-content\/uploads\/2019\/12\/HG-1.jpg\",\"datePublished\":\"2019-12-02T09:32:18+00:00\",\"dateModified\":\"2024-11-07T15:47:42+00:00\",\"description\":\"HG-Serie - Stirnr\u00e4der. Erfahren Sie mehr \u00fcber die Hauptmerkmale, Leistungen, Produkt Details und Technische Spezifikationen.\",\"breadcrumb\":{\"@id\":\"https:\/\/www.bege.nl\/de\/product-details\/spiral-zahnr%c3%a4der-hg\/#breadcrumb\"},\"inLanguage\":\"de\",\"potentialAction\":[{\"@type\":\"ReadAction\",\"target\":[\"https:\/\/www.bege.nl\/de\/product-details\/spiral-zahnr%c3%a4der-hg\/\"]}]},{\"@type\":\"ImageObject\",\"inLanguage\":\"de\",\"@id\":\"https:\/\/www.bege.nl\/de\/product-details\/spiral-zahnr%c3%a4der-hg\/#primaryimage\",\"url\":\"https:\/\/www.bege.nl\/wp-content\/uploads\/2019\/12\/HG-1.jpg\",\"contentUrl\":\"https:\/\/www.bege.nl\/wp-content\/uploads\/2019\/12\/HG-1.jpg\",\"width\":400,\"height\":200},{\"@type\":\"BreadcrumbList\",\"@id\":\"https:\/\/www.bege.nl\/de\/product-details\/spiral-zahnr%c3%a4der-hg\/#breadcrumb\",\"itemListElement\":[{\"@type\":\"ListItem\",\"position\":1,\"name\":\"Home\",\"item\":\"https:\/\/www.bege.nl\/de\/\"},{\"@type\":\"ListItem\",\"position\":2,\"name\":\"Shop\",\"item\":\"https:\/\/www.bege.nl\/shop\/\"},{\"@type\":\"ListItem\",\"position\":3,\"name\":\"HG-Serie &#8211; Stirnr\u00e4der\"}]},{\"@type\":\"WebSite\",\"@id\":\"https:\/\/www.bege.nl\/#website\",\"url\":\"https:\/\/www.bege.nl\/\",\"name\":\"BEGE Power Transmission\",\"description\":\"Your Drive. Our TransMission\",\"publisher\":{\"@id\":\"https:\/\/www.bege.nl\/#organization\"},\"potentialAction\":[{\"@type\":\"SearchAction\",\"target\":{\"@type\":\"EntryPoint\",\"urlTemplate\":\"https:\/\/www.bege.nl\/?s={search_term_string}\"},\"query-input\":{\"@type\":\"PropertyValueSpecification\",\"valueRequired\":true,\"valueName\":\"search_term_string\"}}],\"inLanguage\":\"de\"},{\"@type\":\"Organization\",\"@id\":\"https:\/\/www.bege.nl\/#organization\",\"name\":\"BEGE Power Transmission\",\"url\":\"https:\/\/www.bege.nl\/\",\"logo\":{\"@type\":\"ImageObject\",\"inLanguage\":\"de\",\"@id\":\"https:\/\/www.bege.nl\/#\/schema\/logo\/image\/\",\"url\":\"https:\/\/www.bege.nl\/wp-content\/uploads\/revslider\/world-map\/logo_INT.png\",\"contentUrl\":\"https:\/\/www.bege.nl\/wp-content\/uploads\/revslider\/world-map\/logo_INT.png\",\"width\":420,\"height\":200,\"caption\":\"BEGE Power Transmission\"},\"image\":{\"@id\":\"https:\/\/www.bege.nl\/#\/schema\/logo\/image\/\"}}]}<\/script>\n<!-- \/ Yoast SEO plugin. -->","yoast_head_json":{"title":"HG-Serie - Stirnr\u00e4der | BEGE Power Transmission","description":"HG-Serie - Stirnr\u00e4der. Erfahren Sie mehr \u00fcber die Hauptmerkmale, Leistungen, Produkt Details und Technische Spezifikationen.","robots":{"index":"index","follow":"follow","max-snippet":"max-snippet:-1","max-image-preview":"max-image-preview:large","max-video-preview":"max-video-preview:-1"},"canonical":"https:\/\/www.bege.nl\/de\/product-details\/spiral-zahnr\u00e4der-hg\/","og_locale":"de_DE","og_type":"article","og_title":"HG-Serie - Stirnr\u00e4der | BEGE Power Transmission","og_description":"HG-Serie - Stirnr\u00e4der. Erfahren Sie mehr \u00fcber die Hauptmerkmale, Leistungen, Produkt Details und Technische Spezifikationen.","og_url":"https:\/\/www.bege.nl\/de\/product-details\/spiral-zahnr\u00e4der-hg\/","og_site_name":"BEGE Power Transmission","article_modified_time":"2024-11-07T15:47:42+00:00","og_image":[{"width":400,"height":200,"url":"https:\/\/www.bege.nl\/wp-content\/uploads\/2019\/12\/HG-1.jpg","type":"image\/jpeg"}],"twitter_card":"summary_large_image","schema":{"@context":"https:\/\/schema.org","@graph":[{"@type":"WebPage","@id":"https:\/\/www.bege.nl\/de\/product-details\/spiral-zahnr%c3%a4der-hg\/","url":"https:\/\/www.bege.nl\/de\/product-details\/spiral-zahnr%c3%a4der-hg\/","name":"HG-Serie - Stirnr\u00e4der | BEGE Power Transmission","isPartOf":{"@id":"https:\/\/www.bege.nl\/#website"},"primaryImageOfPage":{"@id":"https:\/\/www.bege.nl\/de\/product-details\/spiral-zahnr%c3%a4der-hg\/#primaryimage"},"image":{"@id":"https:\/\/www.bege.nl\/de\/product-details\/spiral-zahnr%c3%a4der-hg\/#primaryimage"},"thumbnailUrl":"https:\/\/www.bege.nl\/wp-content\/uploads\/2019\/12\/HG-1.jpg","datePublished":"2019-12-02T09:32:18+00:00","dateModified":"2024-11-07T15:47:42+00:00","description":"HG-Serie - Stirnr\u00e4der. Erfahren Sie mehr \u00fcber die Hauptmerkmale, Leistungen, Produkt Details und Technische Spezifikationen.","breadcrumb":{"@id":"https:\/\/www.bege.nl\/de\/product-details\/spiral-zahnr%c3%a4der-hg\/#breadcrumb"},"inLanguage":"de","potentialAction":[{"@type":"ReadAction","target":["https:\/\/www.bege.nl\/de\/product-details\/spiral-zahnr%c3%a4der-hg\/"]}]},{"@type":"ImageObject","inLanguage":"de","@id":"https:\/\/www.bege.nl\/de\/product-details\/spiral-zahnr%c3%a4der-hg\/#primaryimage","url":"https:\/\/www.bege.nl\/wp-content\/uploads\/2019\/12\/HG-1.jpg","contentUrl":"https:\/\/www.bege.nl\/wp-content\/uploads\/2019\/12\/HG-1.jpg","width":400,"height":200},{"@type":"BreadcrumbList","@id":"https:\/\/www.bege.nl\/de\/product-details\/spiral-zahnr%c3%a4der-hg\/#breadcrumb","itemListElement":[{"@type":"ListItem","position":1,"name":"Home","item":"https:\/\/www.bege.nl\/de\/"},{"@type":"ListItem","position":2,"name":"Shop","item":"https:\/\/www.bege.nl\/shop\/"},{"@type":"ListItem","position":3,"name":"HG-Serie &#8211; Stirnr\u00e4der"}]},{"@type":"WebSite","@id":"https:\/\/www.bege.nl\/#website","url":"https:\/\/www.bege.nl\/","name":"BEGE Power Transmission","description":"Your Drive. Our TransMission","publisher":{"@id":"https:\/\/www.bege.nl\/#organization"},"potentialAction":[{"@type":"SearchAction","target":{"@type":"EntryPoint","urlTemplate":"https:\/\/www.bege.nl\/?s={search_term_string}"},"query-input":{"@type":"PropertyValueSpecification","valueRequired":true,"valueName":"search_term_string"}}],"inLanguage":"de"},{"@type":"Organization","@id":"https:\/\/www.bege.nl\/#organization","name":"BEGE Power Transmission","url":"https:\/\/www.bege.nl\/","logo":{"@type":"ImageObject","inLanguage":"de","@id":"https:\/\/www.bege.nl\/#\/schema\/logo\/image\/","url":"https:\/\/www.bege.nl\/wp-content\/uploads\/revslider\/world-map\/logo_INT.png","contentUrl":"https:\/\/www.bege.nl\/wp-content\/uploads\/revslider\/world-map\/logo_INT.png","width":420,"height":200,"caption":"BEGE Power Transmission"},"image":{"@id":"https:\/\/www.bege.nl\/#\/schema\/logo\/image\/"}}]}},"_links":{"self":[{"href":"https:\/\/www.bege.nl\/de\/wp-json\/wp\/v2\/product\/11250","targetHints":{"allow":["GET"]}}],"collection":[{"href":"https:\/\/www.bege.nl\/de\/wp-json\/wp\/v2\/product"}],"about":[{"href":"https:\/\/www.bege.nl\/de\/wp-json\/wp\/v2\/types\/product"}],"wp:featuredmedia":[{"embeddable":true,"href":"https:\/\/www.bege.nl\/de\/wp-json\/wp\/v2\/media\/13604"}],"wp:attachment":[{"href":"https:\/\/www.bege.nl\/de\/wp-json\/wp\/v2\/media?parent=11250"}],"wp:term":[{"taxonomy":"product_brand","embeddable":true,"href":"https:\/\/www.bege.nl\/de\/wp-json\/wp\/v2\/product_brand?post=11250"},{"taxonomy":"product_cat","embeddable":true,"href":"https:\/\/www.bege.nl\/de\/wp-json\/wp\/v2\/product_cat?post=11250"},{"taxonomy":"product_tag","embeddable":true,"href":"https:\/\/www.bege.nl\/de\/wp-json\/wp\/v2\/product_tag?post=11250"}],"curies":[{"name":"wp","href":"https:\/\/api.w.org\/{rel}","templated":true}]}}