{"id":28176,"date":"2022-11-14T10:28:36","date_gmt":"2022-11-14T10:28:36","guid":{"rendered":"https:\/\/www.bege.nl\/product-details\/self-aligning-bearing-support-sf\/"},"modified":"2024-11-07T15:50:35","modified_gmt":"2024-11-07T15:50:35","slug":"selbstausrichtende-blocklager-sf","status":"publish","type":"product","link":"https:\/\/www.bege.nl\/de\/product-details\/selbstausrichtende-blocklager-sf\/","title":{"rendered":"SF Serie &#8211; Selbstausrichtende Blocklager"},"content":{"rendered":"<p>Best\u00e4ndig und korrosionsfrei. Die selbstjustierenden Blocklager sorgen daf\u00fcr, dass die Reibung zwischen zwei Materialien begrenzt ist.<\/p>\n<p>Wir bieten hochwertige Tr\u00e4ger aus technischem Harz, die korrosionsbest\u00e4ndig sind. Optimieren Sie Ihre Produktionsabl\u00e4ufe mit den idealen Lagertr\u00e4gern, die speziell f\u00fcr die Lebensmittel- und Pharmaindustrie entwickelt wurden.<\/p>\n","protected":false},"excerpt":{"rendered":"<p>Selbstausrichtende Blocklager<\/p>\n","protected":false},"featured_media":28179,"template":"","meta":[],"product_brand":[],"product_cat":[334,1698],"product_tag":[1883,3262,3263,3261],"class_list":{"0":"post-28176","1":"product","2":"type-product","3":"status-publish","4":"has-post-thumbnail","6":"product_cat-antriebselemente","7":"product_cat-blocklager","8":"product_tag-korrosionsbestandig","9":"product_tag-lebensmittelindustrie","10":"product_tag-pharmaindustrie","11":"product_tag-selbstjustierend","12":"entry","13":"has-media","15":"first","16":"instock","17":"shipping-taxable","18":"product-type-simple"},"yoast_head":"<!-- This site is optimized with the Yoast SEO plugin v26.6 - https:\/\/yoast.com\/wordpress\/plugins\/seo\/ -->\n<title>SF Serie - Selbstausrichtende Blocklager | BEGE Power Transmission<\/title>\n<meta name=\"description\" content=\"SF Serie - Selbstausrichtende Blocklager. Erfahren Sie mehr \u00fcber die Hauptmerkmale, Leistungen, Produkt Details und Technische Spezifikationen.\" \/>\n<meta name=\"robots\" content=\"index, follow, max-snippet:-1, max-image-preview:large, max-video-preview:-1\" \/>\n<link rel=\"canonical\" href=\"https:\/\/www.bege.nl\/de\/product-details\/selbstausrichtende-blocklager-sf\/\" \/>\n<meta property=\"og:locale\" content=\"de_DE\" \/>\n<meta property=\"og:type\" content=\"article\" \/>\n<meta property=\"og:title\" content=\"SF Serie - Selbstausrichtende Blocklager | BEGE Power Transmission\" \/>\n<meta property=\"og:description\" content=\"SF Serie - Selbstausrichtende Blocklager. Erfahren Sie mehr \u00fcber die Hauptmerkmale, Leistungen, Produkt Details und Technische Spezifikationen.\" \/>\n<meta property=\"og:url\" content=\"https:\/\/www.bege.nl\/de\/product-details\/selbstausrichtende-blocklager-sf\/\" \/>\n<meta property=\"og:site_name\" content=\"BEGE Power Transmission\" \/>\n<meta property=\"article:modified_time\" content=\"2024-11-07T15:50:35+00:00\" \/>\n<meta property=\"og:image\" content=\"https:\/\/www.bege.nl\/wp-content\/uploads\/2022\/11\/SF.jpg\" \/>\n\t<meta property=\"og:image:width\" content=\"400\" \/>\n\t<meta property=\"og:image:height\" content=\"200\" \/>\n\t<meta property=\"og:image:type\" content=\"image\/jpeg\" \/>\n<meta name=\"twitter:card\" content=\"summary_large_image\" \/>\n<script type=\"application\/ld+json\" class=\"yoast-schema-graph\">{\"@context\":\"https:\/\/schema.org\",\"@graph\":[{\"@type\":\"WebPage\",\"@id\":\"https:\/\/www.bege.nl\/de\/product-details\/selbstausrichtende-blocklager-sf\/\",\"url\":\"https:\/\/www.bege.nl\/de\/product-details\/selbstausrichtende-blocklager-sf\/\",\"name\":\"SF Serie - Selbstausrichtende Blocklager | BEGE Power Transmission\",\"isPartOf\":{\"@id\":\"https:\/\/www.bege.nl\/#website\"},\"primaryImageOfPage\":{\"@id\":\"https:\/\/www.bege.nl\/de\/product-details\/selbstausrichtende-blocklager-sf\/#primaryimage\"},\"image\":{\"@id\":\"https:\/\/www.bege.nl\/de\/product-details\/selbstausrichtende-blocklager-sf\/#primaryimage\"},\"thumbnailUrl\":\"https:\/\/www.bege.nl\/wp-content\/uploads\/2022\/11\/SF.jpg\",\"datePublished\":\"2022-11-14T10:28:36+00:00\",\"dateModified\":\"2024-11-07T15:50:35+00:00\",\"description\":\"SF Serie - Selbstausrichtende Blocklager. Erfahren Sie mehr \u00fcber die Hauptmerkmale, Leistungen, Produkt Details und Technische Spezifikationen.\",\"breadcrumb\":{\"@id\":\"https:\/\/www.bege.nl\/de\/product-details\/selbstausrichtende-blocklager-sf\/#breadcrumb\"},\"inLanguage\":\"de\",\"potentialAction\":[{\"@type\":\"ReadAction\",\"target\":[\"https:\/\/www.bege.nl\/de\/product-details\/selbstausrichtende-blocklager-sf\/\"]}]},{\"@type\":\"ImageObject\",\"inLanguage\":\"de\",\"@id\":\"https:\/\/www.bege.nl\/de\/product-details\/selbstausrichtende-blocklager-sf\/#primaryimage\",\"url\":\"https:\/\/www.bege.nl\/wp-content\/uploads\/2022\/11\/SF.jpg\",\"contentUrl\":\"https:\/\/www.bege.nl\/wp-content\/uploads\/2022\/11\/SF.jpg\",\"width\":400,\"height\":200},{\"@type\":\"BreadcrumbList\",\"@id\":\"https:\/\/www.bege.nl\/de\/product-details\/selbstausrichtende-blocklager-sf\/#breadcrumb\",\"itemListElement\":[{\"@type\":\"ListItem\",\"position\":1,\"name\":\"Home\",\"item\":\"https:\/\/www.bege.nl\/de\/\"},{\"@type\":\"ListItem\",\"position\":2,\"name\":\"Shop\",\"item\":\"https:\/\/www.bege.nl\/shop\/\"},{\"@type\":\"ListItem\",\"position\":3,\"name\":\"SF Serie &#8211; Selbstausrichtende Blocklager\"}]},{\"@type\":\"WebSite\",\"@id\":\"https:\/\/www.bege.nl\/#website\",\"url\":\"https:\/\/www.bege.nl\/\",\"name\":\"BEGE Power Transmission\",\"description\":\"Your Drive. Our TransMission\",\"publisher\":{\"@id\":\"https:\/\/www.bege.nl\/#organization\"},\"potentialAction\":[{\"@type\":\"SearchAction\",\"target\":{\"@type\":\"EntryPoint\",\"urlTemplate\":\"https:\/\/www.bege.nl\/?s={search_term_string}\"},\"query-input\":{\"@type\":\"PropertyValueSpecification\",\"valueRequired\":true,\"valueName\":\"search_term_string\"}}],\"inLanguage\":\"de\"},{\"@type\":\"Organization\",\"@id\":\"https:\/\/www.bege.nl\/#organization\",\"name\":\"BEGE Power Transmission\",\"url\":\"https:\/\/www.bege.nl\/\",\"logo\":{\"@type\":\"ImageObject\",\"inLanguage\":\"de\",\"@id\":\"https:\/\/www.bege.nl\/#\/schema\/logo\/image\/\",\"url\":\"https:\/\/www.bege.nl\/wp-content\/uploads\/revslider\/world-map\/logo_INT.png\",\"contentUrl\":\"https:\/\/www.bege.nl\/wp-content\/uploads\/revslider\/world-map\/logo_INT.png\",\"width\":420,\"height\":200,\"caption\":\"BEGE Power Transmission\"},\"image\":{\"@id\":\"https:\/\/www.bege.nl\/#\/schema\/logo\/image\/\"}}]}<\/script>\n<!-- \/ Yoast SEO plugin. -->","yoast_head_json":{"title":"SF Serie - Selbstausrichtende Blocklager | BEGE Power Transmission","description":"SF Serie - Selbstausrichtende Blocklager. Erfahren Sie mehr \u00fcber die Hauptmerkmale, Leistungen, Produkt Details und Technische Spezifikationen.","robots":{"index":"index","follow":"follow","max-snippet":"max-snippet:-1","max-image-preview":"max-image-preview:large","max-video-preview":"max-video-preview:-1"},"canonical":"https:\/\/www.bege.nl\/de\/product-details\/selbstausrichtende-blocklager-sf\/","og_locale":"de_DE","og_type":"article","og_title":"SF Serie - Selbstausrichtende Blocklager | BEGE Power Transmission","og_description":"SF Serie - Selbstausrichtende Blocklager. Erfahren Sie mehr \u00fcber die Hauptmerkmale, Leistungen, Produkt Details und Technische Spezifikationen.","og_url":"https:\/\/www.bege.nl\/de\/product-details\/selbstausrichtende-blocklager-sf\/","og_site_name":"BEGE Power Transmission","article_modified_time":"2024-11-07T15:50:35+00:00","og_image":[{"width":400,"height":200,"url":"https:\/\/www.bege.nl\/wp-content\/uploads\/2022\/11\/SF.jpg","type":"image\/jpeg"}],"twitter_card":"summary_large_image","schema":{"@context":"https:\/\/schema.org","@graph":[{"@type":"WebPage","@id":"https:\/\/www.bege.nl\/de\/product-details\/selbstausrichtende-blocklager-sf\/","url":"https:\/\/www.bege.nl\/de\/product-details\/selbstausrichtende-blocklager-sf\/","name":"SF Serie - Selbstausrichtende Blocklager | BEGE Power Transmission","isPartOf":{"@id":"https:\/\/www.bege.nl\/#website"},"primaryImageOfPage":{"@id":"https:\/\/www.bege.nl\/de\/product-details\/selbstausrichtende-blocklager-sf\/#primaryimage"},"image":{"@id":"https:\/\/www.bege.nl\/de\/product-details\/selbstausrichtende-blocklager-sf\/#primaryimage"},"thumbnailUrl":"https:\/\/www.bege.nl\/wp-content\/uploads\/2022\/11\/SF.jpg","datePublished":"2022-11-14T10:28:36+00:00","dateModified":"2024-11-07T15:50:35+00:00","description":"SF Serie - Selbstausrichtende Blocklager. Erfahren Sie mehr \u00fcber die Hauptmerkmale, Leistungen, Produkt Details und Technische Spezifikationen.","breadcrumb":{"@id":"https:\/\/www.bege.nl\/de\/product-details\/selbstausrichtende-blocklager-sf\/#breadcrumb"},"inLanguage":"de","potentialAction":[{"@type":"ReadAction","target":["https:\/\/www.bege.nl\/de\/product-details\/selbstausrichtende-blocklager-sf\/"]}]},{"@type":"ImageObject","inLanguage":"de","@id":"https:\/\/www.bege.nl\/de\/product-details\/selbstausrichtende-blocklager-sf\/#primaryimage","url":"https:\/\/www.bege.nl\/wp-content\/uploads\/2022\/11\/SF.jpg","contentUrl":"https:\/\/www.bege.nl\/wp-content\/uploads\/2022\/11\/SF.jpg","width":400,"height":200},{"@type":"BreadcrumbList","@id":"https:\/\/www.bege.nl\/de\/product-details\/selbstausrichtende-blocklager-sf\/#breadcrumb","itemListElement":[{"@type":"ListItem","position":1,"name":"Home","item":"https:\/\/www.bege.nl\/de\/"},{"@type":"ListItem","position":2,"name":"Shop","item":"https:\/\/www.bege.nl\/shop\/"},{"@type":"ListItem","position":3,"name":"SF Serie &#8211; Selbstausrichtende Blocklager"}]},{"@type":"WebSite","@id":"https:\/\/www.bege.nl\/#website","url":"https:\/\/www.bege.nl\/","name":"BEGE Power Transmission","description":"Your Drive. Our TransMission","publisher":{"@id":"https:\/\/www.bege.nl\/#organization"},"potentialAction":[{"@type":"SearchAction","target":{"@type":"EntryPoint","urlTemplate":"https:\/\/www.bege.nl\/?s={search_term_string}"},"query-input":{"@type":"PropertyValueSpecification","valueRequired":true,"valueName":"search_term_string"}}],"inLanguage":"de"},{"@type":"Organization","@id":"https:\/\/www.bege.nl\/#organization","name":"BEGE Power Transmission","url":"https:\/\/www.bege.nl\/","logo":{"@type":"ImageObject","inLanguage":"de","@id":"https:\/\/www.bege.nl\/#\/schema\/logo\/image\/","url":"https:\/\/www.bege.nl\/wp-content\/uploads\/revslider\/world-map\/logo_INT.png","contentUrl":"https:\/\/www.bege.nl\/wp-content\/uploads\/revslider\/world-map\/logo_INT.png","width":420,"height":200,"caption":"BEGE Power Transmission"},"image":{"@id":"https:\/\/www.bege.nl\/#\/schema\/logo\/image\/"}}]}},"_links":{"self":[{"href":"https:\/\/www.bege.nl\/de\/wp-json\/wp\/v2\/product\/28176","targetHints":{"allow":["GET"]}}],"collection":[{"href":"https:\/\/www.bege.nl\/de\/wp-json\/wp\/v2\/product"}],"about":[{"href":"https:\/\/www.bege.nl\/de\/wp-json\/wp\/v2\/types\/product"}],"wp:featuredmedia":[{"embeddable":true,"href":"https:\/\/www.bege.nl\/de\/wp-json\/wp\/v2\/media\/28179"}],"wp:attachment":[{"href":"https:\/\/www.bege.nl\/de\/wp-json\/wp\/v2\/media?parent=28176"}],"wp:term":[{"taxonomy":"product_brand","embeddable":true,"href":"https:\/\/www.bege.nl\/de\/wp-json\/wp\/v2\/product_brand?post=28176"},{"taxonomy":"product_cat","embeddable":true,"href":"https:\/\/www.bege.nl\/de\/wp-json\/wp\/v2\/product_cat?post=28176"},{"taxonomy":"product_tag","embeddable":true,"href":"https:\/\/www.bege.nl\/de\/wp-json\/wp\/v2\/product_tag?post=28176"}],"curies":[{"name":"wp","href":"https:\/\/api.w.org\/{rel}","templated":true}]}}