{"id":34649,"date":"2024-11-07T15:43:51","date_gmt":"2024-11-07T15:43:51","guid":{"rendered":"https:\/\/www.bege.nl\/product-details\/plastic-spur-gears-twk\/"},"modified":"2024-11-07T15:51:12","modified_gmt":"2024-11-07T15:51:12","slug":"kunststoff-zahnr%c3%a4der-twk","status":"publish","type":"product","link":"https:\/\/www.bege.nl\/de\/product-details\/kunststoff-zahnr%c3%a4der-twk\/","title":{"rendered":"TWK-Serie &#8211; Kunststoff-Zahnr\u00e4der"},"content":{"rendered":"<p>Kunststoff-Zahnr\u00e4der sind eine gute Alternative zu herk\u00f6mmlichen Zahnr\u00e4dern. Sie sind leichter als Stahl oder Edelstahl, leiser und wartungsarm. Thermoplastische und Technopolymer-Zahnr\u00e4der von Stagnoli sind in drei Spritzgussvarianten erh\u00e4ltlich, jede mit ihren eigenen St\u00e4rken: <\/p>\n<p> Die PA6 Nylon-Zahnr\u00e4der sind glasfaserverst\u00e4rkt und perfekt f\u00fcr hohe Belastungen bei niedrigen Drehzahlen. Sie erf\u00fcllen strenge Anforderungen f\u00fcr den Lebensmittelkontakt. POM-Acetal-Zahnr\u00e4der \u00fcberzeugen bei hohen Drehzahlen mit stabilen Abmessungen und geringer Wasseraufnahme und sind ebenfalls lebensmittelecht. Die dritte Variante sind Polyketon-Zahnr\u00e4der. Sie sind best\u00e4ndig gegen Chemikalien und harte St\u00f6\u00dfe, funktionieren bei hohen Temperaturen und eignen sich ideal f\u00fcr F\u00e4lle, in denen Sto\u00dfd\u00e4mpfung wichtig ist.<\/p>\n","protected":false},"excerpt":{"rendered":"<p>Kunststoff-Zahnr\u00e4der<\/p>\n","protected":false},"featured_media":34652,"template":"","meta":[],"product_brand":[],"product_cat":[334,686],"product_tag":[3592,3560,3097,2023,3591,3589,3590],"class_list":{"0":"post-34649","1":"product","2":"type-product","3":"status-publish","4":"has-post-thumbnail","6":"product_cat-antriebselemente","7":"product_cat-zahnrader-und-zahnstangen","8":"product_tag-acetal","9":"product_tag-din3972","10":"product_tag-groser-lagerbestand","11":"product_tag-leicht","12":"product_tag-pa6-kunststoff","13":"product_tag-polyketon","14":"product_tag-spritzguss","15":"entry","16":"has-media","18":"first","19":"instock","20":"shipping-taxable","21":"product-type-simple"},"yoast_head":"<!-- This site is optimized with the Yoast SEO plugin v26.6 - https:\/\/yoast.com\/wordpress\/plugins\/seo\/ -->\n<title>TWK-Serie - Kunststoff-Zahnr\u00e4der | BEGE Power Transmission<\/title>\n<meta name=\"description\" content=\"TWK-Serie - Kunststoff-Zahnr\u00e4der. Erfahren Sie mehr \u00fcber die Hauptmerkmale, Leistungen, Produkt Details und Technische Spezifikationen.\" \/>\n<meta name=\"robots\" content=\"index, follow, max-snippet:-1, max-image-preview:large, max-video-preview:-1\" \/>\n<link rel=\"canonical\" href=\"https:\/\/www.bege.nl\/de\/product-details\/kunststoff-zahnr\u00e4der-twk\/\" \/>\n<meta property=\"og:locale\" content=\"de_DE\" \/>\n<meta property=\"og:type\" content=\"article\" \/>\n<meta property=\"og:title\" content=\"TWK-Serie - Kunststoff-Zahnr\u00e4der | BEGE Power Transmission\" \/>\n<meta property=\"og:description\" content=\"TWK-Serie - Kunststoff-Zahnr\u00e4der. Erfahren Sie mehr \u00fcber die Hauptmerkmale, Leistungen, Produkt Details und Technische Spezifikationen.\" \/>\n<meta property=\"og:url\" content=\"https:\/\/www.bege.nl\/de\/product-details\/kunststoff-zahnr\u00e4der-twk\/\" \/>\n<meta property=\"og:site_name\" content=\"BEGE Power Transmission\" \/>\n<meta property=\"article:modified_time\" content=\"2024-11-07T15:51:12+00:00\" \/>\n<meta property=\"og:image\" content=\"https:\/\/www.bege.nl\/wp-content\/uploads\/2024\/11\/TWK.jpg\" \/>\n\t<meta property=\"og:image:width\" content=\"400\" \/>\n\t<meta property=\"og:image:height\" content=\"200\" \/>\n\t<meta property=\"og:image:type\" content=\"image\/jpeg\" \/>\n<meta name=\"twitter:card\" content=\"summary_large_image\" \/>\n<meta name=\"twitter:label1\" content=\"Gesch\u00e4tzte Lesezeit\" \/>\n\t<meta name=\"twitter:data1\" content=\"1\u00a0Minute\" \/>\n<script type=\"application\/ld+json\" class=\"yoast-schema-graph\">{\"@context\":\"https:\/\/schema.org\",\"@graph\":[{\"@type\":\"WebPage\",\"@id\":\"https:\/\/www.bege.nl\/de\/product-details\/kunststoff-zahnr%c3%a4der-twk\/\",\"url\":\"https:\/\/www.bege.nl\/de\/product-details\/kunststoff-zahnr%c3%a4der-twk\/\",\"name\":\"TWK-Serie - Kunststoff-Zahnr\u00e4der | BEGE Power Transmission\",\"isPartOf\":{\"@id\":\"https:\/\/www.bege.nl\/#website\"},\"primaryImageOfPage\":{\"@id\":\"https:\/\/www.bege.nl\/de\/product-details\/kunststoff-zahnr%c3%a4der-twk\/#primaryimage\"},\"image\":{\"@id\":\"https:\/\/www.bege.nl\/de\/product-details\/kunststoff-zahnr%c3%a4der-twk\/#primaryimage\"},\"thumbnailUrl\":\"https:\/\/www.bege.nl\/wp-content\/uploads\/2024\/11\/TWK.jpg\",\"datePublished\":\"2024-11-07T15:43:51+00:00\",\"dateModified\":\"2024-11-07T15:51:12+00:00\",\"description\":\"TWK-Serie - Kunststoff-Zahnr\u00e4der. Erfahren Sie mehr \u00fcber die Hauptmerkmale, Leistungen, Produkt Details und Technische Spezifikationen.\",\"breadcrumb\":{\"@id\":\"https:\/\/www.bege.nl\/de\/product-details\/kunststoff-zahnr%c3%a4der-twk\/#breadcrumb\"},\"inLanguage\":\"de\",\"potentialAction\":[{\"@type\":\"ReadAction\",\"target\":[\"https:\/\/www.bege.nl\/de\/product-details\/kunststoff-zahnr%c3%a4der-twk\/\"]}]},{\"@type\":\"ImageObject\",\"inLanguage\":\"de\",\"@id\":\"https:\/\/www.bege.nl\/de\/product-details\/kunststoff-zahnr%c3%a4der-twk\/#primaryimage\",\"url\":\"https:\/\/www.bege.nl\/wp-content\/uploads\/2024\/11\/TWK.jpg\",\"contentUrl\":\"https:\/\/www.bege.nl\/wp-content\/uploads\/2024\/11\/TWK.jpg\",\"width\":400,\"height\":200},{\"@type\":\"BreadcrumbList\",\"@id\":\"https:\/\/www.bege.nl\/de\/product-details\/kunststoff-zahnr%c3%a4der-twk\/#breadcrumb\",\"itemListElement\":[{\"@type\":\"ListItem\",\"position\":1,\"name\":\"Home\",\"item\":\"https:\/\/www.bege.nl\/de\/\"},{\"@type\":\"ListItem\",\"position\":2,\"name\":\"Shop\",\"item\":\"https:\/\/www.bege.nl\/shop\/\"},{\"@type\":\"ListItem\",\"position\":3,\"name\":\"TWK-Serie &#8211; Kunststoff-Zahnr\u00e4der\"}]},{\"@type\":\"WebSite\",\"@id\":\"https:\/\/www.bege.nl\/#website\",\"url\":\"https:\/\/www.bege.nl\/\",\"name\":\"BEGE Power Transmission\",\"description\":\"Your Drive. Our TransMission\",\"publisher\":{\"@id\":\"https:\/\/www.bege.nl\/#organization\"},\"potentialAction\":[{\"@type\":\"SearchAction\",\"target\":{\"@type\":\"EntryPoint\",\"urlTemplate\":\"https:\/\/www.bege.nl\/?s={search_term_string}\"},\"query-input\":{\"@type\":\"PropertyValueSpecification\",\"valueRequired\":true,\"valueName\":\"search_term_string\"}}],\"inLanguage\":\"de\"},{\"@type\":\"Organization\",\"@id\":\"https:\/\/www.bege.nl\/#organization\",\"name\":\"BEGE Power Transmission\",\"url\":\"https:\/\/www.bege.nl\/\",\"logo\":{\"@type\":\"ImageObject\",\"inLanguage\":\"de\",\"@id\":\"https:\/\/www.bege.nl\/#\/schema\/logo\/image\/\",\"url\":\"https:\/\/www.bege.nl\/wp-content\/uploads\/revslider\/world-map\/logo_INT.png\",\"contentUrl\":\"https:\/\/www.bege.nl\/wp-content\/uploads\/revslider\/world-map\/logo_INT.png\",\"width\":420,\"height\":200,\"caption\":\"BEGE Power Transmission\"},\"image\":{\"@id\":\"https:\/\/www.bege.nl\/#\/schema\/logo\/image\/\"}}]}<\/script>\n<!-- \/ Yoast SEO plugin. -->","yoast_head_json":{"title":"TWK-Serie - Kunststoff-Zahnr\u00e4der | BEGE Power Transmission","description":"TWK-Serie - Kunststoff-Zahnr\u00e4der. Erfahren Sie mehr \u00fcber die Hauptmerkmale, Leistungen, Produkt Details und Technische Spezifikationen.","robots":{"index":"index","follow":"follow","max-snippet":"max-snippet:-1","max-image-preview":"max-image-preview:large","max-video-preview":"max-video-preview:-1"},"canonical":"https:\/\/www.bege.nl\/de\/product-details\/kunststoff-zahnr\u00e4der-twk\/","og_locale":"de_DE","og_type":"article","og_title":"TWK-Serie - Kunststoff-Zahnr\u00e4der | BEGE Power Transmission","og_description":"TWK-Serie - Kunststoff-Zahnr\u00e4der. Erfahren Sie mehr \u00fcber die Hauptmerkmale, Leistungen, Produkt Details und Technische Spezifikationen.","og_url":"https:\/\/www.bege.nl\/de\/product-details\/kunststoff-zahnr\u00e4der-twk\/","og_site_name":"BEGE Power Transmission","article_modified_time":"2024-11-07T15:51:12+00:00","og_image":[{"width":400,"height":200,"url":"https:\/\/www.bege.nl\/wp-content\/uploads\/2024\/11\/TWK.jpg","type":"image\/jpeg"}],"twitter_card":"summary_large_image","twitter_misc":{"Gesch\u00e4tzte Lesezeit":"1\u00a0Minute"},"schema":{"@context":"https:\/\/schema.org","@graph":[{"@type":"WebPage","@id":"https:\/\/www.bege.nl\/de\/product-details\/kunststoff-zahnr%c3%a4der-twk\/","url":"https:\/\/www.bege.nl\/de\/product-details\/kunststoff-zahnr%c3%a4der-twk\/","name":"TWK-Serie - Kunststoff-Zahnr\u00e4der | BEGE Power Transmission","isPartOf":{"@id":"https:\/\/www.bege.nl\/#website"},"primaryImageOfPage":{"@id":"https:\/\/www.bege.nl\/de\/product-details\/kunststoff-zahnr%c3%a4der-twk\/#primaryimage"},"image":{"@id":"https:\/\/www.bege.nl\/de\/product-details\/kunststoff-zahnr%c3%a4der-twk\/#primaryimage"},"thumbnailUrl":"https:\/\/www.bege.nl\/wp-content\/uploads\/2024\/11\/TWK.jpg","datePublished":"2024-11-07T15:43:51+00:00","dateModified":"2024-11-07T15:51:12+00:00","description":"TWK-Serie - Kunststoff-Zahnr\u00e4der. Erfahren Sie mehr \u00fcber die Hauptmerkmale, Leistungen, Produkt Details und Technische Spezifikationen.","breadcrumb":{"@id":"https:\/\/www.bege.nl\/de\/product-details\/kunststoff-zahnr%c3%a4der-twk\/#breadcrumb"},"inLanguage":"de","potentialAction":[{"@type":"ReadAction","target":["https:\/\/www.bege.nl\/de\/product-details\/kunststoff-zahnr%c3%a4der-twk\/"]}]},{"@type":"ImageObject","inLanguage":"de","@id":"https:\/\/www.bege.nl\/de\/product-details\/kunststoff-zahnr%c3%a4der-twk\/#primaryimage","url":"https:\/\/www.bege.nl\/wp-content\/uploads\/2024\/11\/TWK.jpg","contentUrl":"https:\/\/www.bege.nl\/wp-content\/uploads\/2024\/11\/TWK.jpg","width":400,"height":200},{"@type":"BreadcrumbList","@id":"https:\/\/www.bege.nl\/de\/product-details\/kunststoff-zahnr%c3%a4der-twk\/#breadcrumb","itemListElement":[{"@type":"ListItem","position":1,"name":"Home","item":"https:\/\/www.bege.nl\/de\/"},{"@type":"ListItem","position":2,"name":"Shop","item":"https:\/\/www.bege.nl\/shop\/"},{"@type":"ListItem","position":3,"name":"TWK-Serie &#8211; Kunststoff-Zahnr\u00e4der"}]},{"@type":"WebSite","@id":"https:\/\/www.bege.nl\/#website","url":"https:\/\/www.bege.nl\/","name":"BEGE Power Transmission","description":"Your Drive. Our TransMission","publisher":{"@id":"https:\/\/www.bege.nl\/#organization"},"potentialAction":[{"@type":"SearchAction","target":{"@type":"EntryPoint","urlTemplate":"https:\/\/www.bege.nl\/?s={search_term_string}"},"query-input":{"@type":"PropertyValueSpecification","valueRequired":true,"valueName":"search_term_string"}}],"inLanguage":"de"},{"@type":"Organization","@id":"https:\/\/www.bege.nl\/#organization","name":"BEGE Power Transmission","url":"https:\/\/www.bege.nl\/","logo":{"@type":"ImageObject","inLanguage":"de","@id":"https:\/\/www.bege.nl\/#\/schema\/logo\/image\/","url":"https:\/\/www.bege.nl\/wp-content\/uploads\/revslider\/world-map\/logo_INT.png","contentUrl":"https:\/\/www.bege.nl\/wp-content\/uploads\/revslider\/world-map\/logo_INT.png","width":420,"height":200,"caption":"BEGE Power Transmission"},"image":{"@id":"https:\/\/www.bege.nl\/#\/schema\/logo\/image\/"}}]}},"_links":{"self":[{"href":"https:\/\/www.bege.nl\/de\/wp-json\/wp\/v2\/product\/34649","targetHints":{"allow":["GET"]}}],"collection":[{"href":"https:\/\/www.bege.nl\/de\/wp-json\/wp\/v2\/product"}],"about":[{"href":"https:\/\/www.bege.nl\/de\/wp-json\/wp\/v2\/types\/product"}],"wp:featuredmedia":[{"embeddable":true,"href":"https:\/\/www.bege.nl\/de\/wp-json\/wp\/v2\/media\/34652"}],"wp:attachment":[{"href":"https:\/\/www.bege.nl\/de\/wp-json\/wp\/v2\/media?parent=34649"}],"wp:term":[{"taxonomy":"product_brand","embeddable":true,"href":"https:\/\/www.bege.nl\/de\/wp-json\/wp\/v2\/product_brand?post=34649"},{"taxonomy":"product_cat","embeddable":true,"href":"https:\/\/www.bege.nl\/de\/wp-json\/wp\/v2\/product_cat?post=34649"},{"taxonomy":"product_tag","embeddable":true,"href":"https:\/\/www.bege.nl\/de\/wp-json\/wp\/v2\/product_tag?post=34649"}],"curies":[{"name":"wp","href":"https:\/\/api.w.org\/{rel}","templated":true}]}}