{"id":4600,"date":"2018-11-16T09:25:08","date_gmt":"2018-11-16T09:25:08","guid":{"rendered":"https:\/\/test.bege.nl\/product-details\/mignova\/"},"modified":"2025-03-21T14:25:58","modified_gmt":"2025-03-21T14:25:58","slug":"bege-mig-inkremental-drehgeber-mignova","status":"publish","type":"product","link":"https:\/\/www.bege.nl\/de\/product-details\/bege-mig-inkremental-drehgeber-mignova\/","title":{"rendered":"MIG NOVA+ -Serie &#8211; Inkremental-Drehgeber"},"content":{"rendered":"<p>Optimieren Sie den Produktionsprozess und vermeiden Sie mit der Integration des BEGE MIG NOVA+ einen Neuentwurf Ihrer Maschine: der patentierte Drehgeberflansch f\u00fcr extrem pr\u00e4zise Positionierung. Der MIG-Inkremental-Drehgeber erm\u00f6glicht auf einfache Weise sehr pr\u00e4zise Positionierungsaufgaben und ist mit fast allen Regelungen (HTL und TTL) kompatibel.<\/p>\n<p>Dieser kompakte, staubdichte und vollst\u00e4ndig sto\u00df- und wasserbest\u00e4ndige Drehgeber ist f\u00fcr alle Umgebungen geeignet, in denen Hygiene sehr wichtig ist. Durch diese Kombination aller Eigenschaften ist der inkrementelle MIG Inkremental-Drehgeber die richtige L\u00f6sung, wenn es auf Pr\u00e4zision ankommt.<\/p>\n","protected":false},"excerpt":{"rendered":"<p>BEGE MIG\u00ae Inkremental-Drehgeber<\/p>\n","protected":false},"featured_media":13435,"template":"","meta":[],"product_brand":[],"product_cat":[3394,387],"product_tag":[1919,1906,1907,1920,1908,1917,1909,1918,1910,1916],"class_list":{"0":"post-4600","1":"product","2":"type-product","3":"status-publish","4":"has-post-thumbnail","6":"product_cat-drehgeber-sensoren","7":"product_cat-mig-drehgeber-drehgeber-sensoren","8":"product_tag-2048-impulse","9":"product_tag-compact-de","10":"product_tag-iec-standard-size-de","11":"product_tag-iec-standardgrose","12":"product_tag-intermediate-flange-de","13":"product_tag-kompakt","14":"product_tag-robust-de","15":"product_tag-ultra-prazise","16":"product_tag-ultra-precise-de","17":"product_tag-zwischenflansch","18":"entry","19":"has-media","21":"first","22":"instock","23":"shipping-taxable","24":"product-type-simple"},"yoast_head":"<!-- This site is optimized with the Yoast SEO plugin v26.6 - https:\/\/yoast.com\/wordpress\/plugins\/seo\/ -->\n<title>MIG NOVA+ -Serie - Inkremental-Drehgeber | BEGE Power Transmission<\/title>\n<meta name=\"description\" content=\"MIG NOVA+ -Serie - Inkremental-Drehgeber. Erfahren Sie mehr \u00fcber die Hauptmerkmale, Leistungen, Produkt Details und Technische Spezifikationen.\" \/>\n<meta name=\"robots\" content=\"index, follow, max-snippet:-1, max-image-preview:large, max-video-preview:-1\" \/>\n<link rel=\"canonical\" href=\"https:\/\/www.bege.nl\/de\/product-details\/bege-mig-inkremental-drehgeber-mignova\/\" \/>\n<meta property=\"og:locale\" content=\"de_DE\" \/>\n<meta property=\"og:type\" content=\"article\" \/>\n<meta property=\"og:title\" content=\"MIG NOVA+ -Serie - Inkremental-Drehgeber | BEGE Power Transmission\" \/>\n<meta property=\"og:description\" content=\"MIG NOVA+ -Serie - Inkremental-Drehgeber. Erfahren Sie mehr \u00fcber die Hauptmerkmale, Leistungen, Produkt Details und Technische Spezifikationen.\" \/>\n<meta property=\"og:url\" content=\"https:\/\/www.bege.nl\/de\/product-details\/bege-mig-inkremental-drehgeber-mignova\/\" \/>\n<meta property=\"og:site_name\" content=\"BEGE Power Transmission\" \/>\n<meta property=\"article:modified_time\" content=\"2025-03-21T14:25:58+00:00\" \/>\n<meta property=\"og:image\" content=\"https:\/\/www.bege.nl\/wp-content\/uploads\/2018\/11\/MIGNOVA-4.jpg\" \/>\n\t<meta property=\"og:image:width\" content=\"400\" \/>\n\t<meta property=\"og:image:height\" content=\"200\" \/>\n\t<meta property=\"og:image:type\" content=\"image\/jpeg\" \/>\n<meta name=\"twitter:card\" content=\"summary_large_image\" \/>\n<meta name=\"twitter:label1\" content=\"Gesch\u00e4tzte Lesezeit\" \/>\n\t<meta name=\"twitter:data1\" content=\"1\u00a0Minute\" \/>\n<script type=\"application\/ld+json\" class=\"yoast-schema-graph\">{\"@context\":\"https:\/\/schema.org\",\"@graph\":[{\"@type\":\"WebPage\",\"@id\":\"https:\/\/www.bege.nl\/de\/product-details\/bege-mig-inkremental-drehgeber-mignova\/\",\"url\":\"https:\/\/www.bege.nl\/de\/product-details\/bege-mig-inkremental-drehgeber-mignova\/\",\"name\":\"MIG NOVA+ -Serie - Inkremental-Drehgeber | BEGE Power Transmission\",\"isPartOf\":{\"@id\":\"https:\/\/www.bege.nl\/#website\"},\"primaryImageOfPage\":{\"@id\":\"https:\/\/www.bege.nl\/de\/product-details\/bege-mig-inkremental-drehgeber-mignova\/#primaryimage\"},\"image\":{\"@id\":\"https:\/\/www.bege.nl\/de\/product-details\/bege-mig-inkremental-drehgeber-mignova\/#primaryimage\"},\"thumbnailUrl\":\"https:\/\/www.bege.nl\/wp-content\/uploads\/2018\/11\/MIGNOVA-4.jpg\",\"datePublished\":\"2018-11-16T09:25:08+00:00\",\"dateModified\":\"2025-03-21T14:25:58+00:00\",\"description\":\"MIG NOVA+ -Serie - Inkremental-Drehgeber. Erfahren Sie mehr \u00fcber die Hauptmerkmale, Leistungen, Produkt Details und Technische Spezifikationen.\",\"breadcrumb\":{\"@id\":\"https:\/\/www.bege.nl\/de\/product-details\/bege-mig-inkremental-drehgeber-mignova\/#breadcrumb\"},\"inLanguage\":\"de\",\"potentialAction\":[{\"@type\":\"ReadAction\",\"target\":[\"https:\/\/www.bege.nl\/de\/product-details\/bege-mig-inkremental-drehgeber-mignova\/\"]}]},{\"@type\":\"ImageObject\",\"inLanguage\":\"de\",\"@id\":\"https:\/\/www.bege.nl\/de\/product-details\/bege-mig-inkremental-drehgeber-mignova\/#primaryimage\",\"url\":\"https:\/\/www.bege.nl\/wp-content\/uploads\/2018\/11\/MIGNOVA-4.jpg\",\"contentUrl\":\"https:\/\/www.bege.nl\/wp-content\/uploads\/2018\/11\/MIGNOVA-4.jpg\",\"width\":400,\"height\":200},{\"@type\":\"BreadcrumbList\",\"@id\":\"https:\/\/www.bege.nl\/de\/product-details\/bege-mig-inkremental-drehgeber-mignova\/#breadcrumb\",\"itemListElement\":[{\"@type\":\"ListItem\",\"position\":1,\"name\":\"Home\",\"item\":\"https:\/\/www.bege.nl\/de\/\"},{\"@type\":\"ListItem\",\"position\":2,\"name\":\"Shop\",\"item\":\"https:\/\/www.bege.nl\/shop\/\"},{\"@type\":\"ListItem\",\"position\":3,\"name\":\"MIG NOVA+ -Serie &#8211; Inkremental-Drehgeber\"}]},{\"@type\":\"WebSite\",\"@id\":\"https:\/\/www.bege.nl\/#website\",\"url\":\"https:\/\/www.bege.nl\/\",\"name\":\"BEGE Power Transmission\",\"description\":\"Your Drive. Our TransMission\",\"publisher\":{\"@id\":\"https:\/\/www.bege.nl\/#organization\"},\"potentialAction\":[{\"@type\":\"SearchAction\",\"target\":{\"@type\":\"EntryPoint\",\"urlTemplate\":\"https:\/\/www.bege.nl\/?s={search_term_string}\"},\"query-input\":{\"@type\":\"PropertyValueSpecification\",\"valueRequired\":true,\"valueName\":\"search_term_string\"}}],\"inLanguage\":\"de\"},{\"@type\":\"Organization\",\"@id\":\"https:\/\/www.bege.nl\/#organization\",\"name\":\"BEGE Power Transmission\",\"url\":\"https:\/\/www.bege.nl\/\",\"logo\":{\"@type\":\"ImageObject\",\"inLanguage\":\"de\",\"@id\":\"https:\/\/www.bege.nl\/#\/schema\/logo\/image\/\",\"url\":\"https:\/\/www.bege.nl\/wp-content\/uploads\/revslider\/world-map\/logo_INT.png\",\"contentUrl\":\"https:\/\/www.bege.nl\/wp-content\/uploads\/revslider\/world-map\/logo_INT.png\",\"width\":420,\"height\":200,\"caption\":\"BEGE Power Transmission\"},\"image\":{\"@id\":\"https:\/\/www.bege.nl\/#\/schema\/logo\/image\/\"}}]}<\/script>\n<!-- \/ Yoast SEO plugin. -->","yoast_head_json":{"title":"MIG NOVA+ -Serie - Inkremental-Drehgeber | BEGE Power Transmission","description":"MIG NOVA+ -Serie - Inkremental-Drehgeber. Erfahren Sie mehr \u00fcber die Hauptmerkmale, Leistungen, Produkt Details und Technische Spezifikationen.","robots":{"index":"index","follow":"follow","max-snippet":"max-snippet:-1","max-image-preview":"max-image-preview:large","max-video-preview":"max-video-preview:-1"},"canonical":"https:\/\/www.bege.nl\/de\/product-details\/bege-mig-inkremental-drehgeber-mignova\/","og_locale":"de_DE","og_type":"article","og_title":"MIG NOVA+ -Serie - Inkremental-Drehgeber | BEGE Power Transmission","og_description":"MIG NOVA+ -Serie - Inkremental-Drehgeber. Erfahren Sie mehr \u00fcber die Hauptmerkmale, Leistungen, Produkt Details und Technische Spezifikationen.","og_url":"https:\/\/www.bege.nl\/de\/product-details\/bege-mig-inkremental-drehgeber-mignova\/","og_site_name":"BEGE Power Transmission","article_modified_time":"2025-03-21T14:25:58+00:00","og_image":[{"width":400,"height":200,"url":"https:\/\/www.bege.nl\/wp-content\/uploads\/2018\/11\/MIGNOVA-4.jpg","type":"image\/jpeg"}],"twitter_card":"summary_large_image","twitter_misc":{"Gesch\u00e4tzte Lesezeit":"1\u00a0Minute"},"schema":{"@context":"https:\/\/schema.org","@graph":[{"@type":"WebPage","@id":"https:\/\/www.bege.nl\/de\/product-details\/bege-mig-inkremental-drehgeber-mignova\/","url":"https:\/\/www.bege.nl\/de\/product-details\/bege-mig-inkremental-drehgeber-mignova\/","name":"MIG NOVA+ -Serie - Inkremental-Drehgeber | BEGE Power Transmission","isPartOf":{"@id":"https:\/\/www.bege.nl\/#website"},"primaryImageOfPage":{"@id":"https:\/\/www.bege.nl\/de\/product-details\/bege-mig-inkremental-drehgeber-mignova\/#primaryimage"},"image":{"@id":"https:\/\/www.bege.nl\/de\/product-details\/bege-mig-inkremental-drehgeber-mignova\/#primaryimage"},"thumbnailUrl":"https:\/\/www.bege.nl\/wp-content\/uploads\/2018\/11\/MIGNOVA-4.jpg","datePublished":"2018-11-16T09:25:08+00:00","dateModified":"2025-03-21T14:25:58+00:00","description":"MIG NOVA+ -Serie - Inkremental-Drehgeber. Erfahren Sie mehr \u00fcber die Hauptmerkmale, Leistungen, Produkt Details und Technische Spezifikationen.","breadcrumb":{"@id":"https:\/\/www.bege.nl\/de\/product-details\/bege-mig-inkremental-drehgeber-mignova\/#breadcrumb"},"inLanguage":"de","potentialAction":[{"@type":"ReadAction","target":["https:\/\/www.bege.nl\/de\/product-details\/bege-mig-inkremental-drehgeber-mignova\/"]}]},{"@type":"ImageObject","inLanguage":"de","@id":"https:\/\/www.bege.nl\/de\/product-details\/bege-mig-inkremental-drehgeber-mignova\/#primaryimage","url":"https:\/\/www.bege.nl\/wp-content\/uploads\/2018\/11\/MIGNOVA-4.jpg","contentUrl":"https:\/\/www.bege.nl\/wp-content\/uploads\/2018\/11\/MIGNOVA-4.jpg","width":400,"height":200},{"@type":"BreadcrumbList","@id":"https:\/\/www.bege.nl\/de\/product-details\/bege-mig-inkremental-drehgeber-mignova\/#breadcrumb","itemListElement":[{"@type":"ListItem","position":1,"name":"Home","item":"https:\/\/www.bege.nl\/de\/"},{"@type":"ListItem","position":2,"name":"Shop","item":"https:\/\/www.bege.nl\/shop\/"},{"@type":"ListItem","position":3,"name":"MIG NOVA+ -Serie &#8211; Inkremental-Drehgeber"}]},{"@type":"WebSite","@id":"https:\/\/www.bege.nl\/#website","url":"https:\/\/www.bege.nl\/","name":"BEGE Power Transmission","description":"Your Drive. Our TransMission","publisher":{"@id":"https:\/\/www.bege.nl\/#organization"},"potentialAction":[{"@type":"SearchAction","target":{"@type":"EntryPoint","urlTemplate":"https:\/\/www.bege.nl\/?s={search_term_string}"},"query-input":{"@type":"PropertyValueSpecification","valueRequired":true,"valueName":"search_term_string"}}],"inLanguage":"de"},{"@type":"Organization","@id":"https:\/\/www.bege.nl\/#organization","name":"BEGE Power Transmission","url":"https:\/\/www.bege.nl\/","logo":{"@type":"ImageObject","inLanguage":"de","@id":"https:\/\/www.bege.nl\/#\/schema\/logo\/image\/","url":"https:\/\/www.bege.nl\/wp-content\/uploads\/revslider\/world-map\/logo_INT.png","contentUrl":"https:\/\/www.bege.nl\/wp-content\/uploads\/revslider\/world-map\/logo_INT.png","width":420,"height":200,"caption":"BEGE Power Transmission"},"image":{"@id":"https:\/\/www.bege.nl\/#\/schema\/logo\/image\/"}}]}},"_links":{"self":[{"href":"https:\/\/www.bege.nl\/de\/wp-json\/wp\/v2\/product\/4600","targetHints":{"allow":["GET"]}}],"collection":[{"href":"https:\/\/www.bege.nl\/de\/wp-json\/wp\/v2\/product"}],"about":[{"href":"https:\/\/www.bege.nl\/de\/wp-json\/wp\/v2\/types\/product"}],"wp:featuredmedia":[{"embeddable":true,"href":"https:\/\/www.bege.nl\/de\/wp-json\/wp\/v2\/media\/13435"}],"wp:attachment":[{"href":"https:\/\/www.bege.nl\/de\/wp-json\/wp\/v2\/media?parent=4600"}],"wp:term":[{"taxonomy":"product_brand","embeddable":true,"href":"https:\/\/www.bege.nl\/de\/wp-json\/wp\/v2\/product_brand?post=4600"},{"taxonomy":"product_cat","embeddable":true,"href":"https:\/\/www.bege.nl\/de\/wp-json\/wp\/v2\/product_cat?post=4600"},{"taxonomy":"product_tag","embeddable":true,"href":"https:\/\/www.bege.nl\/de\/wp-json\/wp\/v2\/product_tag?post=4600"}],"curies":[{"name":"wp","href":"https:\/\/api.w.org\/{rel}","templated":true}]}}