{"id":4639,"date":"2018-11-16T09:25:57","date_gmt":"2018-11-16T09:25:57","guid":{"rendered":"https:\/\/test.bege.nl\/product-details\/h\/"},"modified":"2024-11-07T15:45:33","modified_gmt":"2024-11-07T15:45:33","slug":"hypoid-getriebe-h","status":"publish","type":"product","link":"https:\/\/www.bege.nl\/de\/product-details\/hypoid-getriebe-h\/","title":{"rendered":"H-Serie &#8211; Hypoid-Getriebe"},"content":{"rendered":"<p>Leistungsf\u00e4hig und kompakt. ATEK-Hypoid-Getriebe zeichnen sich durch sehr hohe Pr\u00e4zision und Effizienz aus. Die leistungsstarken Getriebe sind kompakt, unempfindlich gegen St\u00f6\u00dfe und erf\u00fcllen in jeglicher Hinsicht die hohen Anforderungen von heute. Diese starke Kombination von Eigenschaften ist der Grund daf\u00fcr, warum sie weltweit in dynamischen Anwendungen und in der Robotik eingesetzt werden.<\/p>\n","protected":false},"excerpt":{"rendered":"<p>Hypoid-Getriebe<\/p>\n","protected":false},"featured_media":13469,"template":"","meta":[],"product_brand":[],"product_cat":[364,369],"product_tag":[1965,1987,2024,1917,2013,2029],"class_list":{"0":"post-4639","1":"product","2":"type-product","3":"status-publish","4":"has-post-thumbnail","6":"product_cat-getriebe","7":"product_cat-hypoid-getriebe","8":"product_tag-energieeffizient","9":"product_tag-hohe-effizienz","10":"product_tag-hohe-prazision","11":"product_tag-kompakt","12":"product_tag-kraftvoll","13":"product_tag-stosfest","14":"entry","15":"has-media","17":"first","18":"instock","19":"featured","20":"shipping-taxable","21":"product-type-simple"},"yoast_head":"<!-- This site is optimized with the Yoast SEO plugin v26.6 - https:\/\/yoast.com\/wordpress\/plugins\/seo\/ -->\n<title>H-Serie - Hypoid-Getriebe | BEGE Power Transmission<\/title>\n<meta name=\"description\" content=\"H-Serie - Hypoid-Getriebe. Erfahren Sie mehr \u00fcber die Hauptmerkmale, Leistungen, Produkt Details und Technische Spezifikationen.\" \/>\n<meta name=\"robots\" content=\"index, follow, max-snippet:-1, max-image-preview:large, max-video-preview:-1\" \/>\n<link rel=\"canonical\" href=\"https:\/\/www.bege.nl\/de\/product-details\/hypoid-getriebe-h\/\" \/>\n<meta property=\"og:locale\" content=\"de_DE\" \/>\n<meta property=\"og:type\" content=\"article\" \/>\n<meta property=\"og:title\" content=\"H-Serie - Hypoid-Getriebe | BEGE Power Transmission\" \/>\n<meta property=\"og:description\" content=\"H-Serie - Hypoid-Getriebe. Erfahren Sie mehr \u00fcber die Hauptmerkmale, Leistungen, Produkt Details und Technische Spezifikationen.\" \/>\n<meta property=\"og:url\" content=\"https:\/\/www.bege.nl\/de\/product-details\/hypoid-getriebe-h\/\" \/>\n<meta property=\"og:site_name\" content=\"BEGE Power Transmission\" \/>\n<meta property=\"article:modified_time\" content=\"2024-11-07T15:45:33+00:00\" \/>\n<meta property=\"og:image\" content=\"https:\/\/www.bege.nl\/wp-content\/uploads\/2018\/11\/H-4.jpg\" \/>\n\t<meta property=\"og:image:width\" content=\"400\" \/>\n\t<meta property=\"og:image:height\" content=\"200\" \/>\n\t<meta property=\"og:image:type\" content=\"image\/jpeg\" \/>\n<meta name=\"twitter:card\" content=\"summary_large_image\" \/>\n<script type=\"application\/ld+json\" class=\"yoast-schema-graph\">{\"@context\":\"https:\/\/schema.org\",\"@graph\":[{\"@type\":\"WebPage\",\"@id\":\"https:\/\/www.bege.nl\/de\/product-details\/hypoid-getriebe-h\/\",\"url\":\"https:\/\/www.bege.nl\/de\/product-details\/hypoid-getriebe-h\/\",\"name\":\"H-Serie - Hypoid-Getriebe | BEGE Power Transmission\",\"isPartOf\":{\"@id\":\"https:\/\/www.bege.nl\/#website\"},\"primaryImageOfPage\":{\"@id\":\"https:\/\/www.bege.nl\/de\/product-details\/hypoid-getriebe-h\/#primaryimage\"},\"image\":{\"@id\":\"https:\/\/www.bege.nl\/de\/product-details\/hypoid-getriebe-h\/#primaryimage\"},\"thumbnailUrl\":\"https:\/\/www.bege.nl\/wp-content\/uploads\/2018\/11\/H-4.jpg\",\"datePublished\":\"2018-11-16T09:25:57+00:00\",\"dateModified\":\"2024-11-07T15:45:33+00:00\",\"description\":\"H-Serie - Hypoid-Getriebe. Erfahren Sie mehr \u00fcber die Hauptmerkmale, Leistungen, Produkt Details und Technische Spezifikationen.\",\"breadcrumb\":{\"@id\":\"https:\/\/www.bege.nl\/de\/product-details\/hypoid-getriebe-h\/#breadcrumb\"},\"inLanguage\":\"de\",\"potentialAction\":[{\"@type\":\"ReadAction\",\"target\":[\"https:\/\/www.bege.nl\/de\/product-details\/hypoid-getriebe-h\/\"]}]},{\"@type\":\"ImageObject\",\"inLanguage\":\"de\",\"@id\":\"https:\/\/www.bege.nl\/de\/product-details\/hypoid-getriebe-h\/#primaryimage\",\"url\":\"https:\/\/www.bege.nl\/wp-content\/uploads\/2018\/11\/H-4.jpg\",\"contentUrl\":\"https:\/\/www.bege.nl\/wp-content\/uploads\/2018\/11\/H-4.jpg\",\"width\":400,\"height\":200},{\"@type\":\"BreadcrumbList\",\"@id\":\"https:\/\/www.bege.nl\/de\/product-details\/hypoid-getriebe-h\/#breadcrumb\",\"itemListElement\":[{\"@type\":\"ListItem\",\"position\":1,\"name\":\"Home\",\"item\":\"https:\/\/www.bege.nl\/de\/\"},{\"@type\":\"ListItem\",\"position\":2,\"name\":\"Shop\",\"item\":\"https:\/\/www.bege.nl\/shop\/\"},{\"@type\":\"ListItem\",\"position\":3,\"name\":\"H-Serie &#8211; Hypoid-Getriebe\"}]},{\"@type\":\"WebSite\",\"@id\":\"https:\/\/www.bege.nl\/#website\",\"url\":\"https:\/\/www.bege.nl\/\",\"name\":\"BEGE Power Transmission\",\"description\":\"Your Drive. Our TransMission\",\"publisher\":{\"@id\":\"https:\/\/www.bege.nl\/#organization\"},\"potentialAction\":[{\"@type\":\"SearchAction\",\"target\":{\"@type\":\"EntryPoint\",\"urlTemplate\":\"https:\/\/www.bege.nl\/?s={search_term_string}\"},\"query-input\":{\"@type\":\"PropertyValueSpecification\",\"valueRequired\":true,\"valueName\":\"search_term_string\"}}],\"inLanguage\":\"de\"},{\"@type\":\"Organization\",\"@id\":\"https:\/\/www.bege.nl\/#organization\",\"name\":\"BEGE Power Transmission\",\"url\":\"https:\/\/www.bege.nl\/\",\"logo\":{\"@type\":\"ImageObject\",\"inLanguage\":\"de\",\"@id\":\"https:\/\/www.bege.nl\/#\/schema\/logo\/image\/\",\"url\":\"https:\/\/www.bege.nl\/wp-content\/uploads\/revslider\/world-map\/logo_INT.png\",\"contentUrl\":\"https:\/\/www.bege.nl\/wp-content\/uploads\/revslider\/world-map\/logo_INT.png\",\"width\":420,\"height\":200,\"caption\":\"BEGE Power Transmission\"},\"image\":{\"@id\":\"https:\/\/www.bege.nl\/#\/schema\/logo\/image\/\"}}]}<\/script>\n<!-- \/ Yoast SEO plugin. -->","yoast_head_json":{"title":"H-Serie - Hypoid-Getriebe | BEGE Power Transmission","description":"H-Serie - Hypoid-Getriebe. Erfahren Sie mehr \u00fcber die Hauptmerkmale, Leistungen, Produkt Details und Technische Spezifikationen.","robots":{"index":"index","follow":"follow","max-snippet":"max-snippet:-1","max-image-preview":"max-image-preview:large","max-video-preview":"max-video-preview:-1"},"canonical":"https:\/\/www.bege.nl\/de\/product-details\/hypoid-getriebe-h\/","og_locale":"de_DE","og_type":"article","og_title":"H-Serie - Hypoid-Getriebe | BEGE Power Transmission","og_description":"H-Serie - Hypoid-Getriebe. Erfahren Sie mehr \u00fcber die Hauptmerkmale, Leistungen, Produkt Details und Technische Spezifikationen.","og_url":"https:\/\/www.bege.nl\/de\/product-details\/hypoid-getriebe-h\/","og_site_name":"BEGE Power Transmission","article_modified_time":"2024-11-07T15:45:33+00:00","og_image":[{"width":400,"height":200,"url":"https:\/\/www.bege.nl\/wp-content\/uploads\/2018\/11\/H-4.jpg","type":"image\/jpeg"}],"twitter_card":"summary_large_image","schema":{"@context":"https:\/\/schema.org","@graph":[{"@type":"WebPage","@id":"https:\/\/www.bege.nl\/de\/product-details\/hypoid-getriebe-h\/","url":"https:\/\/www.bege.nl\/de\/product-details\/hypoid-getriebe-h\/","name":"H-Serie - Hypoid-Getriebe | BEGE Power Transmission","isPartOf":{"@id":"https:\/\/www.bege.nl\/#website"},"primaryImageOfPage":{"@id":"https:\/\/www.bege.nl\/de\/product-details\/hypoid-getriebe-h\/#primaryimage"},"image":{"@id":"https:\/\/www.bege.nl\/de\/product-details\/hypoid-getriebe-h\/#primaryimage"},"thumbnailUrl":"https:\/\/www.bege.nl\/wp-content\/uploads\/2018\/11\/H-4.jpg","datePublished":"2018-11-16T09:25:57+00:00","dateModified":"2024-11-07T15:45:33+00:00","description":"H-Serie - Hypoid-Getriebe. Erfahren Sie mehr \u00fcber die Hauptmerkmale, Leistungen, Produkt Details und Technische Spezifikationen.","breadcrumb":{"@id":"https:\/\/www.bege.nl\/de\/product-details\/hypoid-getriebe-h\/#breadcrumb"},"inLanguage":"de","potentialAction":[{"@type":"ReadAction","target":["https:\/\/www.bege.nl\/de\/product-details\/hypoid-getriebe-h\/"]}]},{"@type":"ImageObject","inLanguage":"de","@id":"https:\/\/www.bege.nl\/de\/product-details\/hypoid-getriebe-h\/#primaryimage","url":"https:\/\/www.bege.nl\/wp-content\/uploads\/2018\/11\/H-4.jpg","contentUrl":"https:\/\/www.bege.nl\/wp-content\/uploads\/2018\/11\/H-4.jpg","width":400,"height":200},{"@type":"BreadcrumbList","@id":"https:\/\/www.bege.nl\/de\/product-details\/hypoid-getriebe-h\/#breadcrumb","itemListElement":[{"@type":"ListItem","position":1,"name":"Home","item":"https:\/\/www.bege.nl\/de\/"},{"@type":"ListItem","position":2,"name":"Shop","item":"https:\/\/www.bege.nl\/shop\/"},{"@type":"ListItem","position":3,"name":"H-Serie &#8211; Hypoid-Getriebe"}]},{"@type":"WebSite","@id":"https:\/\/www.bege.nl\/#website","url":"https:\/\/www.bege.nl\/","name":"BEGE Power Transmission","description":"Your Drive. Our TransMission","publisher":{"@id":"https:\/\/www.bege.nl\/#organization"},"potentialAction":[{"@type":"SearchAction","target":{"@type":"EntryPoint","urlTemplate":"https:\/\/www.bege.nl\/?s={search_term_string}"},"query-input":{"@type":"PropertyValueSpecification","valueRequired":true,"valueName":"search_term_string"}}],"inLanguage":"de"},{"@type":"Organization","@id":"https:\/\/www.bege.nl\/#organization","name":"BEGE Power Transmission","url":"https:\/\/www.bege.nl\/","logo":{"@type":"ImageObject","inLanguage":"de","@id":"https:\/\/www.bege.nl\/#\/schema\/logo\/image\/","url":"https:\/\/www.bege.nl\/wp-content\/uploads\/revslider\/world-map\/logo_INT.png","contentUrl":"https:\/\/www.bege.nl\/wp-content\/uploads\/revslider\/world-map\/logo_INT.png","width":420,"height":200,"caption":"BEGE Power Transmission"},"image":{"@id":"https:\/\/www.bege.nl\/#\/schema\/logo\/image\/"}}]}},"_links":{"self":[{"href":"https:\/\/www.bege.nl\/de\/wp-json\/wp\/v2\/product\/4639","targetHints":{"allow":["GET"]}}],"collection":[{"href":"https:\/\/www.bege.nl\/de\/wp-json\/wp\/v2\/product"}],"about":[{"href":"https:\/\/www.bege.nl\/de\/wp-json\/wp\/v2\/types\/product"}],"wp:featuredmedia":[{"embeddable":true,"href":"https:\/\/www.bege.nl\/de\/wp-json\/wp\/v2\/media\/13469"}],"wp:attachment":[{"href":"https:\/\/www.bege.nl\/de\/wp-json\/wp\/v2\/media?parent=4639"}],"wp:term":[{"taxonomy":"product_brand","embeddable":true,"href":"https:\/\/www.bege.nl\/de\/wp-json\/wp\/v2\/product_brand?post=4639"},{"taxonomy":"product_cat","embeddable":true,"href":"https:\/\/www.bege.nl\/de\/wp-json\/wp\/v2\/product_cat?post=4639"},{"taxonomy":"product_tag","embeddable":true,"href":"https:\/\/www.bege.nl\/de\/wp-json\/wp\/v2\/product_tag?post=4639"}],"curies":[{"name":"wp","href":"https:\/\/api.w.org\/{rel}","templated":true}]}}